{"id":10,"date":"2020-09-28T10:42:38","date_gmt":"2020-09-28T10:42:38","guid":{"rendered":"http:\/\/www.dogus-laminasyon.com\/?page_id=10"},"modified":"2020-09-28T10:42:38","modified_gmt":"2020-09-28T10:42:38","slug":"hakkimizda","status":"publish","type":"page","link":"http:\/\/www.dogus-laminasyon.com\/index.php\/hakkimizda\/","title":{"rendered":"Hakk\u0131m\u0131zda"},"content":{"rendered":"\n<p>Kendini ve i\u015flerini tan\u0131tmak isteyen bir sanat\u00e7\u0131 olabilece\u011finiz gibi misyonunu a\u00e7\u0131klamak isteyen bir firma da olabilirsiniz.<\/p>\n","protected":false},"excerpt":{"rendered":"<p>Kendini ve i\u015flerini tan\u0131tmak isteyen bir sanat\u00e7\u0131 olabilece\u011finiz gibi misyonunu a\u00e7\u0131klamak isteyen bir firma da olabilirsiniz.<\/p>\n","protected":false},"author":1,"featured_media":7,"parent":0,"menu_order":0,"comment_status":"closed","ping_status":"closed","template":"","meta":[],"_links":{"self":[{"href":"http:\/\/www.dogus-laminasyon.com\/index.php\/wp-json\/wp\/v2\/pages\/10"}],"collection":[{"href":"http:\/\/www.dogus-laminasyon.com\/index.php\/wp-json\/wp\/v2\/pages"}],"about":[{"href":"http:\/\/www.dogus-laminasyon.com\/index.php\/wp-json\/wp\/v2\/types\/page"}],"author":[{"embeddable":true,"href":"http:\/\/www.dogus-laminasyon.com\/index.php\/wp-json\/wp\/v2\/users\/1"}],"replies":[{"embeddable":true,"href":"http:\/\/www.dogus-laminasyon.com\/index.php\/wp-json\/wp\/v2\/comments?post=10"}],"version-history":[{"count":1,"href":"http:\/\/www.dogus-laminasyon.com\/index.php\/wp-json\/wp\/v2\/pages\/10\/revisions"}],"predecessor-version":[{"id":16,"href":"http:\/\/www.dogus-laminasyon.com\/index.php\/wp-json\/wp\/v2\/pages\/10\/revisions\/16"}],"wp:featuredmedia":[{"embeddable":true,"href":"http:\/\/www.dogus-laminasyon.com\/index.php\/wp-json\/wp\/v2\/media\/7"}],"wp:attachment":[{"href":"http:\/\/www.dogus-laminasyon.com\/index.php\/wp-json\/wp\/v2\/media?parent=10"}],"curies":[{"name":"wp","href":"https:\/\/api.w.org\/{rel}","templated":true}]}}