{"id":11,"date":"2020-09-28T10:42:38","date_gmt":"2020-09-28T10:42:38","guid":{"rendered":"http:\/\/www.dogus-laminasyon.com\/?page_id=11"},"modified":"2020-09-28T10:42:38","modified_gmt":"2020-09-28T10:42:38","slug":"bize-ulasin","status":"publish","type":"page","link":"http:\/\/www.dogus-laminasyon.com\/index.php\/bize-ulasin\/","title":{"rendered":"Bize ula\u015f\u0131n"},"content":{"rendered":"\n<p>Bu, adres ve telefon numaras\u0131 gibi temel ileti\u015fim bilgilerinin oldu\u011fu bir sayfad\u0131r. Ayr\u0131ca bir ileti\u015fim formu eklemek i\u00e7in bir eklenti de deneyebilirsiniz.<\/p>\n","protected":false},"excerpt":{"rendered":"<p>Bu, adres ve telefon numaras\u0131 gibi temel ileti\u015fim bilgilerinin oldu\u011fu bir sayfad\u0131r. Ayr\u0131ca bir ileti\u015fim formu eklemek i\u00e7in bir eklenti de deneyebilirsiniz.<\/p>\n","protected":false},"author":1,"featured_media":6,"parent":0,"menu_order":0,"comment_status":"closed","ping_status":"closed","template":"","meta":[],"_links":{"self":[{"href":"http:\/\/www.dogus-laminasyon.com\/index.php\/wp-json\/wp\/v2\/pages\/11"}],"collection":[{"href":"http:\/\/www.dogus-laminasyon.com\/index.php\/wp-json\/wp\/v2\/pages"}],"about":[{"href":"http:\/\/www.dogus-laminasyon.com\/index.php\/wp-json\/wp\/v2\/types\/page"}],"author":[{"embeddable":true,"href":"http:\/\/www.dogus-laminasyon.com\/index.php\/wp-json\/wp\/v2\/users\/1"}],"replies":[{"embeddable":true,"href":"http:\/\/www.dogus-laminasyon.com\/index.php\/wp-json\/wp\/v2\/comments?post=11"}],"version-history":[{"count":1,"href":"http:\/\/www.dogus-laminasyon.com\/index.php\/wp-json\/wp\/v2\/pages\/11\/revisions"}],"predecessor-version":[{"id":17,"href":"http:\/\/www.dogus-laminasyon.com\/index.php\/wp-json\/wp\/v2\/pages\/11\/revisions\/17"}],"wp:featuredmedia":[{"embeddable":true,"href":"http:\/\/www.dogus-laminasyon.com\/index.php\/wp-json\/wp\/v2\/media\/6"}],"wp:attachment":[{"href":"http:\/\/www.dogus-laminasyon.com\/index.php\/wp-json\/wp\/v2\/media?parent=11"}],"curies":[{"name":"wp","href":"https:\/\/api.w.org\/{rel}","templated":true}]}}